{"id":48,"date":"2025-08-17T16:08:25","date_gmt":"2025-08-17T16:08:25","guid":{"rendered":"https:\/\/gms-telecom.fr\/?page_id=48"},"modified":"2025-08-24T11:27:07","modified_gmt":"2025-08-24T11:27:07","slug":"debouchage-de-fourreau","status":"publish","type":"page","link":"https:\/\/gms-telecom.fr\/?page_id=48","title":{"rendered":"D\u00e9bouchage de fourreau"},"content":{"rendered":"\t\t<div data-elementor-type=\"wp-page\" data-elementor-id=\"48\" class=\"elementor elementor-48\">\n\t\t\t\t<div class=\"elementor-element elementor-element-06e96f1 e-flex e-con-boxed e-con e-parent\" data-id=\"06e96f1\" data-element_type=\"container\" data-e-type=\"container\">\n\t\t\t\t\t<div class=\"e-con-inner\">\n\t\t\t\t<div class=\"elementor-element elementor-element-dbed657 elementor-widget elementor-widget-heading\" data-id=\"dbed657\" data-element_type=\"widget\" data-e-type=\"widget\" data-widget_type=\"heading.default\">\n\t\t\t\t\t<h2 class=\"elementor-heading-title elementor-size-default\"><h3 data-start=\"699\" data-end=\"730\" style=\", sans-serif;font-style: normal\">D\u00e9bouchage de fourreau<span style=\"font-size: 20px;font-weight: 600\"><\/span><\/h3><\/h2>\t\t\t\t<\/div>\n\t\t\t\t\t<\/div>\n\t\t\t\t<\/div>\n\t\t<div class=\"elementor-element elementor-element-99be1a4 e-flex e-con-boxed e-con e-parent\" data-id=\"99be1a4\" data-element_type=\"container\" data-e-type=\"container\">\n\t\t\t\t\t<div class=\"e-con-inner\">\n\t\t<div class=\"elementor-element elementor-element-813e97c e-con-full e-flex e-con e-child\" data-id=\"813e97c\" data-element_type=\"container\" data-e-type=\"container\">\n\t\t\t\t<div class=\"elementor-element elementor-element-3fa93b6 elementor-invisible elementor-widget elementor-widget-text-editor\" data-id=\"3fa93b6\" data-element_type=\"widget\" data-e-type=\"widget\" data-settings=\"{&quot;_animation&quot;:&quot;fadeInLeft&quot;}\" data-widget_type=\"text-editor.default\">\n\t\t\t\t\t\t\t\t\t<div style=\"font-family: Arial, sans-serif; font-size: 16px; line-height: 1.8;\"><p style=\"margin-bottom: 20px;\">\ud83d\udee0\ufe0f <strong>Le fourreau<\/strong> est le conduit souterrain qui prot\u00e8ge les c\u00e2bles de fibre optique. Avec le temps, il peut \u00eatre obstru\u00e9 (terre, sable, racines, b\u00e9ton&#8230;).<\/p><p style=\"margin-bottom: 15px;\">Nous r\u00e9alisons le d\u00e9bouchage de fourreau afin de :<\/p><ul style=\"margin-bottom: 20px; padding-left: 20px; line-height: 1.6;\"><li>\ud83d\ude80 lib\u00e9rer le passage des c\u00e2bles<\/li><li>\ud83d\udcd0 pr\u00e9parer le terrain pour un nouveau tirage de fibre<\/li><li>\ud83d\udd12 s\u00e9curiser le r\u00e9seau contre les pannes futures<\/li><\/ul><p style=\"margin-bottom: 20px;\">\u26a1 Gr\u00e2ce \u00e0 nos \u00e9quipements sp\u00e9cialis\u00e9s (aiguillage, soufflage, aspiration), nous assurons un travail rapide et efficace.<\/p><\/div>\t\t\t\t\t\t\t\t<\/div>\n\t\t\t\t<\/div>\n\t\t<div class=\"elementor-element elementor-element-99cd830 e-con-full e-flex e-con e-child\" data-id=\"99cd830\" data-element_type=\"container\" data-e-type=\"container\">\n\t\t\t\t<div class=\"elementor-element elementor-element-69a9680 elementor-invisible elementor-widget elementor-widget-image\" data-id=\"69a9680\" data-element_type=\"widget\" data-e-type=\"widget\" data-settings=\"{&quot;_animation&quot;:&quot;fadeInRight&quot;}\" data-widget_type=\"image.default\">\n\t\t\t\t\t\t\t\t\t\t\t\t\t\t\t<img decoding=\"async\" src=\"https:\/\/gms-telecom.fr\/wp-content\/uploads\/2025\/08\/WhatsApp-Image-2025-08-13-at-19.41.12.jpeg\" title=\"WhatsApp Image 2025-08-13 at 19.41.12\" alt=\"WhatsApp Image 2025-08-13 at 19.41.12\" loading=\"lazy\" \/>\t\t\t\t\t\t\t\t\t\t\t\t\t\t\t<\/div>\n\t\t\t\t<\/div>\n\t\t\t\t\t<\/div>\n\t\t\t\t<\/div>\n\t\t<div class=\"elementor-element elementor-element-e59dd64 e-flex e-con-boxed e-con e-parent\" data-id=\"e59dd64\" data-element_type=\"container\" data-e-type=\"container\">\n\t\t\t\t\t<div class=\"e-con-inner\">\n\t\t\t\t<div class=\"elementor-element elementor-element-ca3f0a4 elementor-widget-divider--view-line elementor-widget elementor-widget-divider\" data-id=\"ca3f0a4\" data-element_type=\"widget\" data-e-type=\"widget\" data-widget_type=\"divider.default\">\n\t\t\t\t\t\t\t<div class=\"elementor-divider\">\n\t\t\t<span class=\"elementor-divider-separator\">\n\t\t\t\t\t\t<\/span>\n\t\t<\/div>\n\t\t\t\t\t\t<\/div>\n\t\t\t\t\t<\/div>\n\t\t\t\t<\/div>\n\t\t<div class=\"elementor-element elementor-element-f45f14e e-flex e-con-boxed e-con e-parent\" data-id=\"f45f14e\" data-element_type=\"container\" data-e-type=\"container\">\n\t\t\t\t\t<div class=\"e-con-inner\">\n\t\t\t\t<div class=\"elementor-element elementor-element-e28a8fd elementor-widget elementor-widget-heading\" data-id=\"e28a8fd\" data-element_type=\"widget\" data-e-type=\"widget\" data-widget_type=\"heading.default\">\n\t\t\t\t\t<h2 class=\"elementor-heading-title elementor-size-default\"><h3 data-start=\"699\" data-end=\"722\">Nos interventions<span style=\"font-size: 20px;font-weight: 600\"><\/span><\/h3><\/h2>\t\t\t\t<\/div>\n\t\t\t\t\t<\/div>\n\t\t\t\t<\/div>\n\t\t<div class=\"elementor-element elementor-element-82c243f e-flex e-con-boxed e-con e-parent\" data-id=\"82c243f\" data-element_type=\"container\" data-e-type=\"container\">\n\t\t\t\t\t<div class=\"e-con-inner\">\n\t\t<div class=\"elementor-element elementor-element-b9ec077 e-con-full e-flex e-con e-child\" data-id=\"b9ec077\" data-element_type=\"container\" data-e-type=\"container\">\n\t\t\t\t<div class=\"elementor-element elementor-element-461f064 elementor-invisible elementor-widget elementor-widget-image\" data-id=\"461f064\" data-element_type=\"widget\" data-e-type=\"widget\" data-settings=\"{&quot;_animation&quot;:&quot;fadeInLeft&quot;}\" data-widget_type=\"image.default\">\n\t\t\t\t\t\t\t\t\t\t\t\t\t\t\t<img decoding=\"async\" src=\"https:\/\/gms-telecom.fr\/wp-content\/uploads\/2025\/08\/WhatsApp-Image-2025-08-13-at-19.41.11-1.jpeg\" title=\"WhatsApp Image 2025-08-13 at 19.41.11 (1)\" alt=\"WhatsApp Image 2025-08-13 at 19.41.11 (1)\" loading=\"lazy\" \/>\t\t\t\t\t\t\t\t\t\t\t\t\t\t\t<\/div>\n\t\t\t\t<\/div>\n\t\t<div class=\"elementor-element elementor-element-3807e40 e-con-full e-flex e-con e-child\" data-id=\"3807e40\" data-element_type=\"container\" data-e-type=\"container\">\n\t\t\t\t<div class=\"elementor-element elementor-element-16efc5e elementor-invisible elementor-widget elementor-widget-text-editor\" data-id=\"16efc5e\" data-element_type=\"widget\" data-e-type=\"widget\" data-settings=\"{&quot;_animation&quot;:&quot;fadeInRight&quot;}\" data-widget_type=\"text-editor.default\">\n\t\t\t\t\t\t\t\t\t<p><strong style=\"font-family: Arial, sans-serif;\">Notre c\u0153ur de m\u00e9tier<\/strong><span style=\"font-family: Arial, sans-serif;\"> est le d\u00e9bouchage de fourreau, une \u00e9tape indispensable pour assurer la continuit\u00e9 et la fiabilit\u00e9 du r\u00e9seau.<\/span><\/p><div style=\"flex: 1; font-family: Arial, sans-serif; font-size: 16px; line-height: 1.8;\"><p style=\"margin-bottom: 15px;\">Nous intervenons sur :<\/p><ul style=\"margin-bottom: 20px; padding-left: 20px; line-height: 1.6;\"><li>\ud83c\udf10 Les r\u00e9seaux souterrains existants bloqu\u00e9s ou d\u00e9grad\u00e9s<\/li><li>\ud83c\udf31 Les fourreaux \u00e9cras\u00e9s ou envahis par des racines<\/li><li>\ud83e\uddf1 Les conduites encombr\u00e9es par des d\u00e9bris de chantier<\/li><li>\u26a1 La pr\u00e9paration des fourreaux avant un nouveau d\u00e9ploiement fibre<\/li><\/ul><\/div>\t\t\t\t\t\t\t\t<\/div>\n\t\t\t\t<\/div>\n\t\t\t\t\t<\/div>\n\t\t\t\t<\/div>\n\t\t<div class=\"elementor-element elementor-element-b21e526 e-flex e-con-boxed e-con e-parent\" data-id=\"b21e526\" data-element_type=\"container\" data-e-type=\"container\">\n\t\t\t\t\t<div class=\"e-con-inner\">\n\t\t\t\t<div class=\"elementor-element elementor-element-49d93f5 elementor-widget elementor-widget-text-editor\" data-id=\"49d93f5\" data-element_type=\"widget\" data-e-type=\"widget\" data-widget_type=\"text-editor.default\">\n\t\t\t\t\t\t\t\t\t<h3 data-start=\"1162\" data-end=\"1225\"><strong>Nos techniques sp\u00e9cialis\u00e9es<\/strong><\/h3>\t\t\t\t\t\t\t\t<\/div>\n\t\t\t\t\t<\/div>\n\t\t\t\t<\/div>\n\t\t<div class=\"elementor-element elementor-element-4d0ab67 e-flex e-con-boxed e-con e-parent\" data-id=\"4d0ab67\" data-element_type=\"container\" data-e-type=\"container\">\n\t\t\t\t\t<div class=\"e-con-inner\">\n\t\t<div class=\"elementor-element elementor-element-7c085c0 e-con-full e-flex e-con e-child\" data-id=\"7c085c0\" data-element_type=\"container\" data-e-type=\"container\">\n\t\t\t\t<div class=\"elementor-element elementor-element-2dda160 elementor-invisible elementor-widget elementor-widget-text-editor\" data-id=\"2dda160\" data-element_type=\"widget\" data-e-type=\"widget\" data-settings=\"{&quot;_animation&quot;:&quot;fadeInLeft&quot;}\" data-widget_type=\"text-editor.default\">\n\t\t\t\t\t\t\t\t\t<div style=\"font-family: Arial, sans-serif; font-size: 16px; line-height: 1.8;\">\n<p style=\"margin-bottom: 20px;\">\u2705 <strong>Aiguillage<\/strong> : pour v\u00e9rifier la continuit\u00e9 et lib\u00e9rer les passages.<\/p>\n<p style=\"margin-bottom: 20px;\">\ud83d\udca8 <strong>Soufflage haute pression<\/strong> : pour \u00e9liminer sable, poussi\u00e8res et d\u00e9p\u00f4ts.<\/p>\n<p style=\"margin-bottom: 20px;\">\ud83e\uddf9 <strong>Aspiration et curage<\/strong> : pour retirer les obstacles solides.<\/p>\n<p style=\"margin-bottom: 20px;\">\ud83d\udd27 <strong>R\u00e9paration et remise en \u00e9tat<\/strong> : si le fourreau est endommag\u00e9.<\/p>\n\n<\/div>\t\t\t\t\t\t\t\t<\/div>\n\t\t\t\t<\/div>\n\t\t<div class=\"elementor-element elementor-element-4c29dcf e-con-full e-flex e-con e-child\" data-id=\"4c29dcf\" data-element_type=\"container\" data-e-type=\"container\">\n\t\t\t\t<div class=\"elementor-element elementor-element-faaaea3 elementor-invisible elementor-widget elementor-widget-image\" data-id=\"faaaea3\" data-element_type=\"widget\" data-e-type=\"widget\" data-settings=\"{&quot;_animation&quot;:&quot;fadeInRight&quot;}\" data-widget_type=\"image.default\">\n\t\t\t\t\t\t\t\t\t\t\t\t\t\t\t<img decoding=\"async\" src=\"https:\/\/gms-telecom.fr\/wp-content\/uploads\/2025\/08\/WhatsApp-Image-2025-08-13-at-19.41.11-3.jpeg\" title=\"WhatsApp Image 2025-08-13 at 19.41.11 (3)\" alt=\"WhatsApp Image 2025-08-13 at 19.41.11 (3)\" loading=\"lazy\" \/>\t\t\t\t\t\t\t\t\t\t\t\t\t\t\t<\/div>\n\t\t\t\t<\/div>\n\t\t\t\t\t<\/div>\n\t\t\t\t<\/div>\n\t\t<div class=\"elementor-element elementor-element-d93208a e-flex e-con-boxed e-con e-parent\" data-id=\"d93208a\" data-element_type=\"container\" data-e-type=\"container\">\n\t\t\t\t\t<div class=\"e-con-inner\">\n\t\t\t\t<div class=\"elementor-element elementor-element-ed8e266 elementor-widget elementor-widget-heading\" data-id=\"ed8e266\" data-element_type=\"widget\" data-e-type=\"widget\" data-widget_type=\"heading.default\">\n\t\t\t\t\t<h2 class=\"elementor-heading-title elementor-size-default\">Pourquoi choisir notre service ?<\/h2>\t\t\t\t<\/div>\n\t\t\t\t\t<\/div>\n\t\t\t\t<\/div>\n\t\t<div class=\"elementor-element elementor-element-e742d3b e-flex e-con-boxed e-con e-parent\" data-id=\"e742d3b\" data-element_type=\"container\" data-e-type=\"container\">\n\t\t\t\t\t<div class=\"e-con-inner\">\n\t\t<div class=\"elementor-element elementor-element-b760ada e-con-full e-flex e-con e-child\" data-id=\"b760ada\" data-element_type=\"container\" data-e-type=\"container\">\n\t\t\t\t<div class=\"elementor-element elementor-element-5bf5172 elementor-widget__width-initial elementor-invisible elementor-widget elementor-widget-image\" data-id=\"5bf5172\" data-element_type=\"widget\" data-e-type=\"widget\" data-settings=\"{&quot;_animation&quot;:&quot;lightSpeedIn&quot;}\" data-widget_type=\"image.default\">\n\t\t\t\t\t\t\t\t\t\t\t\t\t\t\t<img fetchpriority=\"high\" decoding=\"async\" width=\"484\" height=\"361\" src=\"https:\/\/gms-telecom.fr\/wp-content\/uploads\/2025\/08\/logos1.png\" class=\"attachment-large size-large wp-image-386\" alt=\"\" srcset=\"https:\/\/gms-telecom.fr\/wp-content\/uploads\/2025\/08\/logos1.png 484w, https:\/\/gms-telecom.fr\/wp-content\/uploads\/2025\/08\/logos1-300x224.png 300w\" sizes=\"(max-width: 484px) 100vw, 484px\" \/>\t\t\t\t\t\t\t\t\t\t\t\t\t\t\t<\/div>\n\t\t\t\t<\/div>\n\t\t<div class=\"elementor-element elementor-element-1625988 e-con-full e-flex e-con e-child\" data-id=\"1625988\" data-element_type=\"container\" data-e-type=\"container\">\n\t\t\t\t<div class=\"elementor-element elementor-element-78bbadc elementor-invisible elementor-widget elementor-widget-text-editor\" data-id=\"78bbadc\" data-element_type=\"widget\" data-e-type=\"widget\" data-settings=\"{&quot;_animation&quot;:&quot;lightSpeedIn&quot;}\" data-widget_type=\"text-editor.default\">\n\t\t\t\t\t\t\t\t\t<ul style=\"list-style: none; padding: 0;\"><li style=\"margin-bottom: 15px;\">\ud83d\udee0\ufe0f <strong>Intervention rapide et efficace<\/strong>, gr\u00e2ce \u00e0 un mat\u00e9riel de pointe<\/li><li style=\"margin-bottom: 15px;\">\ud83d\udc77 <strong>\u00c9quipes sp\u00e9cialis\u00e9es<\/strong>, form\u00e9es aux techniques de d\u00e9bouchage<\/li><li style=\"margin-bottom: 15px;\">\ud83d\udd12 <strong>Garantie d\u2019un r\u00e9seau fiable, s\u00e9curis\u00e9 et p\u00e9renne<\/strong><\/li><li style=\"margin-bottom: 15px;\">\ud83d\ude9a <strong>Capacit\u00e9 d\u2019intervention dans toute la France<\/strong><\/li><\/ul>\t\t\t\t\t\t\t\t<\/div>\n\t\t\t\t<\/div>\n\t\t\t\t\t<\/div>\n\t\t\t\t<\/div>\n\t\t\t\t<\/div>\n\t\t","protected":false},"excerpt":{"rendered":"<p>D\u00e9bouchage de fourreau \ud83d\udee0\ufe0f Le fourreau est le conduit souterrain qui prot\u00e8ge les c\u00e2bles de fibre optique. Avec le temps, il peut \u00eatre obstru\u00e9 (terre, sable, racines, b\u00e9ton&#8230;). Nous r\u00e9alisons le d\u00e9bouchage de fourreau afin de : \ud83d\ude80 lib\u00e9rer le passage des c\u00e2bles \ud83d\udcd0 pr\u00e9parer le terrain pour un nouveau tirage de fibre \ud83d\udd12 s\u00e9curiser [&hellip;]<\/p>\n","protected":false},"author":1,"featured_media":0,"parent":0,"menu_order":0,"comment_status":"closed","ping_status":"closed","template":"","meta":{"ocean_post_layout":"","ocean_both_sidebars_style":"","ocean_both_sidebars_content_width":0,"ocean_both_sidebars_sidebars_width":0,"ocean_sidebar":"","ocean_second_sidebar":"","ocean_disable_margins":"enable","ocean_add_body_class":"","ocean_shortcode_before_top_bar":"","ocean_shortcode_after_top_bar":"","ocean_shortcode_before_header":"","ocean_shortcode_after_header":"","ocean_has_shortcode":"","ocean_shortcode_after_title":"","ocean_shortcode_before_footer_widgets":"","ocean_shortcode_after_footer_widgets":"","ocean_shortcode_before_footer_bottom":"","ocean_shortcode_after_footer_bottom":"","ocean_display_top_bar":"default","ocean_display_header":"default","ocean_header_style":"","ocean_center_header_left_menu":"","ocean_custom_header_template":"","ocean_custom_logo":0,"ocean_custom_retina_logo":0,"ocean_custom_logo_max_width":0,"ocean_custom_logo_tablet_max_width":0,"ocean_custom_logo_mobile_max_width":0,"ocean_custom_logo_max_height":0,"ocean_custom_logo_tablet_max_height":0,"ocean_custom_logo_mobile_max_height":0,"ocean_header_custom_menu":"","ocean_menu_typo_font_family":"","ocean_menu_typo_font_subset":"","ocean_menu_typo_font_size":0,"ocean_menu_typo_font_size_tablet":0,"ocean_menu_typo_font_size_mobile":0,"ocean_menu_typo_font_size_unit":"px","ocean_menu_typo_font_weight":"","ocean_menu_typo_font_weight_tablet":"","ocean_menu_typo_font_weight_mobile":"","ocean_menu_typo_transform":"","ocean_menu_typo_transform_tablet":"","ocean_menu_typo_transform_mobile":"","ocean_menu_typo_line_height":0,"ocean_menu_typo_line_height_tablet":0,"ocean_menu_typo_line_height_mobile":0,"ocean_menu_typo_line_height_unit":"","ocean_menu_typo_spacing":0,"ocean_menu_typo_spacing_tablet":0,"ocean_menu_typo_spacing_mobile":0,"ocean_menu_typo_spacing_unit":"","ocean_menu_link_color":"","ocean_menu_link_color_hover":"","ocean_menu_link_color_active":"","ocean_menu_link_background":"","ocean_menu_link_hover_background":"","ocean_menu_link_active_background":"","ocean_menu_social_links_bg":"","ocean_menu_social_hover_links_bg":"","ocean_menu_social_links_color":"","ocean_menu_social_hover_links_color":"","ocean_disable_title":"default","ocean_disable_heading":"default","ocean_post_title":"","ocean_post_subheading":"","ocean_post_title_style":"","ocean_post_title_background_color":"","ocean_post_title_background":0,"ocean_post_title_bg_image_position":"","ocean_post_title_bg_image_attachment":"","ocean_post_title_bg_image_repeat":"","ocean_post_title_bg_image_size":"","ocean_post_title_height":0,"ocean_post_title_bg_overlay":0.5,"ocean_post_title_bg_overlay_color":"","ocean_disable_breadcrumbs":"default","ocean_breadcrumbs_color":"","ocean_breadcrumbs_separator_color":"","ocean_breadcrumbs_links_color":"","ocean_breadcrumbs_links_hover_color":"","ocean_display_footer_widgets":"default","ocean_display_footer_bottom":"default","ocean_custom_footer_template":"","footnotes":""},"class_list":["post-48","page","type-page","status-publish","hentry","entry"],"_links":{"self":[{"href":"https:\/\/gms-telecom.fr\/index.php?rest_route=\/wp\/v2\/pages\/48","targetHints":{"allow":["GET"]}}],"collection":[{"href":"https:\/\/gms-telecom.fr\/index.php?rest_route=\/wp\/v2\/pages"}],"about":[{"href":"https:\/\/gms-telecom.fr\/index.php?rest_route=\/wp\/v2\/types\/page"}],"author":[{"embeddable":true,"href":"https:\/\/gms-telecom.fr\/index.php?rest_route=\/wp\/v2\/users\/1"}],"replies":[{"embeddable":true,"href":"https:\/\/gms-telecom.fr\/index.php?rest_route=%2Fwp%2Fv2%2Fcomments&post=48"}],"version-history":[{"count":91,"href":"https:\/\/gms-telecom.fr\/index.php?rest_route=\/wp\/v2\/pages\/48\/revisions"}],"predecessor-version":[{"id":467,"href":"https:\/\/gms-telecom.fr\/index.php?rest_route=\/wp\/v2\/pages\/48\/revisions\/467"}],"wp:attachment":[{"href":"https:\/\/gms-telecom.fr\/index.php?rest_route=%2Fwp%2Fv2%2Fmedia&parent=48"}],"curies":[{"name":"wp","href":"https:\/\/api.w.org\/{rel}","templated":true}]}}