{"id":42,"date":"2025-08-17T16:04:20","date_gmt":"2025-08-17T16:04:20","guid":{"rendered":"https:\/\/gms-telecom.fr\/?page_id=42"},"modified":"2025-08-24T20:08:19","modified_gmt":"2025-08-24T20:08:19","slug":"d2-reseau","status":"publish","type":"page","link":"https:\/\/gms-telecom.fr\/?page_id=42","title":{"rendered":"D2 \u2013 R\u00e9seau"},"content":{"rendered":"\t\t<div data-elementor-type=\"wp-page\" data-elementor-id=\"42\" class=\"elementor elementor-42\">\n\t\t\t\t<div class=\"elementor-element elementor-element-8323d43 e-flex e-con-boxed e-con e-parent\" data-id=\"8323d43\" data-element_type=\"container\" data-e-type=\"container\">\n\t\t\t\t\t<div class=\"e-con-inner\">\n\t\t<div class=\"elementor-element elementor-element-ec97464 e-con-full e-flex e-con e-child\" data-id=\"ec97464\" data-element_type=\"container\" data-e-type=\"container\">\n\t\t\t\t<div class=\"elementor-element elementor-element-0d85f86 elementor-invisible elementor-widget elementor-widget-text-editor\" data-id=\"0d85f86\" data-element_type=\"widget\" data-e-type=\"widget\" data-settings=\"{&quot;_animation&quot;:&quot;slideInDown&quot;}\" data-widget_type=\"text-editor.default\">\n\t\t\t\t\t\t\t\t\t<h3><strong data-start=\"591\" data-end=\"633\">D2 : R\u00e9seau de distribution secondaire<\/strong><\/h3><p><b><br data-start=\"633\" data-end=\"636\" \/><\/b>\u2192 Relie le <strong data-start=\"649\" data-end=\"655\">PM<\/strong> (armoire de rue ou point de mutualisation d\u2019immeuble) jusqu\u2019au <strong data-start=\"719\" data-end=\"726\">PBO<\/strong> (Point de Branchement Optique, g\u00e9n\u00e9ralement dans un bo\u00eetier en fa\u00e7ade, en chambre de trottoir ou dans les parties communes d\u2019immeuble).<\/p>\t\t\t\t\t\t\t\t<\/div>\n\t\t\t\t<\/div>\n\t\t<div class=\"elementor-element elementor-element-3be858a e-con-full e-flex e-con e-child\" data-id=\"3be858a\" data-element_type=\"container\" data-e-type=\"container\">\n\t\t\t\t<div class=\"elementor-element elementor-element-f1585c9 elementor-widget__width-initial elementor-invisible elementor-widget elementor-widget-image\" data-id=\"f1585c9\" data-element_type=\"widget\" data-e-type=\"widget\" data-settings=\"{&quot;_animation&quot;:&quot;slideInDown&quot;}\" data-widget_type=\"image.default\">\n\t\t\t\t\t\t\t\t\t\t\t\t\t\t\t<img fetchpriority=\"high\" decoding=\"async\" width=\"765\" height=\"1024\" src=\"https:\/\/gms-telecom.fr\/wp-content\/uploads\/2025\/08\/WhatsApp-Image-2025-08-24-at-21.08.04-1-765x1024.jpeg\" class=\"attachment-large size-large wp-image-553\" alt=\"\" srcset=\"https:\/\/gms-telecom.fr\/wp-content\/uploads\/2025\/08\/WhatsApp-Image-2025-08-24-at-21.08.04-1-765x1024.jpeg 765w, https:\/\/gms-telecom.fr\/wp-content\/uploads\/2025\/08\/WhatsApp-Image-2025-08-24-at-21.08.04-1-224x300.jpeg 224w, https:\/\/gms-telecom.fr\/wp-content\/uploads\/2025\/08\/WhatsApp-Image-2025-08-24-at-21.08.04-1-768x1027.jpeg 768w, https:\/\/gms-telecom.fr\/wp-content\/uploads\/2025\/08\/WhatsApp-Image-2025-08-24-at-21.08.04-1-1148x1536.jpeg 1148w, https:\/\/gms-telecom.fr\/wp-content\/uploads\/2025\/08\/WhatsApp-Image-2025-08-24-at-21.08.04-1.jpeg 1196w\" sizes=\"(max-width: 765px) 100vw, 765px\" \/>\t\t\t\t\t\t\t\t\t\t\t\t\t\t\t<\/div>\n\t\t\t\t<\/div>\n\t\t\t\t<div class=\"elementor-element elementor-element-05cbc72 elementor-widget__width-initial elementor-invisible elementor-widget elementor-widget-image\" data-id=\"05cbc72\" data-element_type=\"widget\" data-e-type=\"widget\" data-settings=\"{&quot;_animation&quot;:&quot;slideInDown&quot;}\" data-widget_type=\"image.default\">\n\t\t\t\t\t\t\t\t\t\t\t\t\t\t\t<img decoding=\"async\" width=\"768\" height=\"1024\" src=\"https:\/\/gms-telecom.fr\/wp-content\/uploads\/2025\/08\/WhatsApp-Image-2025-08-24-at-21.08.04-768x1024.jpeg\" class=\"attachment-large size-large wp-image-554\" alt=\"\" srcset=\"https:\/\/gms-telecom.fr\/wp-content\/uploads\/2025\/08\/WhatsApp-Image-2025-08-24-at-21.08.04-768x1024.jpeg 768w, https:\/\/gms-telecom.fr\/wp-content\/uploads\/2025\/08\/WhatsApp-Image-2025-08-24-at-21.08.04-225x300.jpeg 225w, https:\/\/gms-telecom.fr\/wp-content\/uploads\/2025\/08\/WhatsApp-Image-2025-08-24-at-21.08.04-1152x1536.jpeg 1152w, https:\/\/gms-telecom.fr\/wp-content\/uploads\/2025\/08\/WhatsApp-Image-2025-08-24-at-21.08.04.jpeg 1200w\" sizes=\"(max-width: 768px) 100vw, 768px\" \/>\t\t\t\t\t\t\t\t\t\t\t\t\t\t\t<\/div>\n\t\t\t\t\t<\/div>\n\t\t\t\t<\/div>\n\t\t\t\t<\/div>\n\t\t","protected":false},"excerpt":{"rendered":"<p>D2 : R\u00e9seau de distribution secondaire \u2192 Relie le PM (armoire de rue ou point de mutualisation d\u2019immeuble) jusqu\u2019au PBO (Point de Branchement Optique, g\u00e9n\u00e9ralement dans un bo\u00eetier en fa\u00e7ade, en chambre de trottoir ou dans les parties communes d\u2019immeuble).<\/p>\n","protected":false},"author":1,"featured_media":0,"parent":0,"menu_order":0,"comment_status":"closed","ping_status":"closed","template":"","meta":{"ocean_post_layout":"","ocean_both_sidebars_style":"","ocean_both_sidebars_content_width":0,"ocean_both_sidebars_sidebars_width":0,"ocean_sidebar":"","ocean_second_sidebar":"","ocean_disable_margins":"enable","ocean_add_body_class":"","ocean_shortcode_before_top_bar":"","ocean_shortcode_after_top_bar":"","ocean_shortcode_before_header":"","ocean_shortcode_after_header":"","ocean_has_shortcode":"","ocean_shortcode_after_title":"","ocean_shortcode_before_footer_widgets":"","ocean_shortcode_after_footer_widgets":"","ocean_shortcode_before_footer_bottom":"","ocean_shortcode_after_footer_bottom":"","ocean_display_top_bar":"default","ocean_display_header":"default","ocean_header_style":"","ocean_center_header_left_menu":"","ocean_custom_header_template":"","ocean_custom_logo":0,"ocean_custom_retina_logo":0,"ocean_custom_logo_max_width":0,"ocean_custom_logo_tablet_max_width":0,"ocean_custom_logo_mobile_max_width":0,"ocean_custom_logo_max_height":0,"ocean_custom_logo_tablet_max_height":0,"ocean_custom_logo_mobile_max_height":0,"ocean_header_custom_menu":"","ocean_menu_typo_font_family":"","ocean_menu_typo_font_subset":"","ocean_menu_typo_font_size":0,"ocean_menu_typo_font_size_tablet":0,"ocean_menu_typo_font_size_mobile":0,"ocean_menu_typo_font_size_unit":"px","ocean_menu_typo_font_weight":"","ocean_menu_typo_font_weight_tablet":"","ocean_menu_typo_font_weight_mobile":"","ocean_menu_typo_transform":"","ocean_menu_typo_transform_tablet":"","ocean_menu_typo_transform_mobile":"","ocean_menu_typo_line_height":0,"ocean_menu_typo_line_height_tablet":0,"ocean_menu_typo_line_height_mobile":0,"ocean_menu_typo_line_height_unit":"","ocean_menu_typo_spacing":0,"ocean_menu_typo_spacing_tablet":0,"ocean_menu_typo_spacing_mobile":0,"ocean_menu_typo_spacing_unit":"","ocean_menu_link_color":"","ocean_menu_link_color_hover":"","ocean_menu_link_color_active":"","ocean_menu_link_background":"","ocean_menu_link_hover_background":"","ocean_menu_link_active_background":"","ocean_menu_social_links_bg":"","ocean_menu_social_hover_links_bg":"","ocean_menu_social_links_color":"","ocean_menu_social_hover_links_color":"","ocean_disable_title":"default","ocean_disable_heading":"default","ocean_post_title":"","ocean_post_subheading":"","ocean_post_title_style":"","ocean_post_title_background_color":"","ocean_post_title_background":0,"ocean_post_title_bg_image_position":"","ocean_post_title_bg_image_attachment":"","ocean_post_title_bg_image_repeat":"","ocean_post_title_bg_image_size":"","ocean_post_title_height":0,"ocean_post_title_bg_overlay":0.5,"ocean_post_title_bg_overlay_color":"","ocean_disable_breadcrumbs":"default","ocean_breadcrumbs_color":"","ocean_breadcrumbs_separator_color":"","ocean_breadcrumbs_links_color":"","ocean_breadcrumbs_links_hover_color":"","ocean_display_footer_widgets":"default","ocean_display_footer_bottom":"default","ocean_custom_footer_template":"","footnotes":""},"class_list":["post-42","page","type-page","status-publish","hentry","entry"],"_links":{"self":[{"href":"https:\/\/gms-telecom.fr\/index.php?rest_route=\/wp\/v2\/pages\/42","targetHints":{"allow":["GET"]}}],"collection":[{"href":"https:\/\/gms-telecom.fr\/index.php?rest_route=\/wp\/v2\/pages"}],"about":[{"href":"https:\/\/gms-telecom.fr\/index.php?rest_route=\/wp\/v2\/types\/page"}],"author":[{"embeddable":true,"href":"https:\/\/gms-telecom.fr\/index.php?rest_route=\/wp\/v2\/users\/1"}],"replies":[{"embeddable":true,"href":"https:\/\/gms-telecom.fr\/index.php?rest_route=%2Fwp%2Fv2%2Fcomments&post=42"}],"version-history":[{"count":25,"href":"https:\/\/gms-telecom.fr\/index.php?rest_route=\/wp\/v2\/pages\/42\/revisions"}],"predecessor-version":[{"id":560,"href":"https:\/\/gms-telecom.fr\/index.php?rest_route=\/wp\/v2\/pages\/42\/revisions\/560"}],"wp:attachment":[{"href":"https:\/\/gms-telecom.fr\/index.php?rest_route=%2Fwp%2Fv2%2Fmedia&parent=42"}],"curies":[{"name":"wp","href":"https:\/\/api.w.org\/{rel}","templated":true}]}}