{"id":40,"date":"2025-08-17T16:03:47","date_gmt":"2025-08-17T16:03:47","guid":{"rendered":"https:\/\/gms-telecom.fr\/?page_id=40"},"modified":"2025-08-24T19:03:11","modified_gmt":"2025-08-24T19:03:11","slug":"d1-reseau-de-transport","status":"publish","type":"page","link":"https:\/\/gms-telecom.fr\/?page_id=40","title":{"rendered":"D1 \u2013 R\u00e9seau de transport"},"content":{"rendered":"\t\t<div data-elementor-type=\"wp-page\" data-elementor-id=\"40\" class=\"elementor elementor-40\">\n\t\t\t\t<div class=\"elementor-element elementor-element-89187ec e-flex e-con-boxed e-con e-parent\" data-id=\"89187ec\" data-element_type=\"container\" data-e-type=\"container\">\n\t\t\t\t\t<div class=\"e-con-inner\">\n\t\t<div class=\"elementor-element elementor-element-c675820 e-con-full e-flex e-con e-child\" data-id=\"c675820\" data-element_type=\"container\" data-e-type=\"container\">\n\t\t\t\t<div class=\"elementor-element elementor-element-1d06b70 elementor-invisible elementor-widget elementor-widget-text-editor\" data-id=\"1d06b70\" data-element_type=\"widget\" data-e-type=\"widget\" data-settings=\"{&quot;_animation&quot;:&quot;fadeInLeft&quot;}\" data-widget_type=\"text-editor.default\">\n\t\t\t\t\t\t\t\t\t<p data-start=\"188\" data-end=\"402\"><strong data-start=\"188\" data-end=\"240\">D1 : R\u00e9seau de transport \/ distribution primaire<\/strong><br data-start=\"240\" data-end=\"243\" \/>\u2192 C\u2019est la partie qui relie le <strong data-start=\"276\" data-end=\"283\">NRO<\/strong> (N\u0153ud de Raccordement Optique) jusqu\u2019aux <strong data-start=\"325\" data-end=\"331\">PM<\/strong> (Point de Mutualisation, souvent dans la rue ou au pied d\u2019immeuble).<\/p><p>\u00a0<\/p><ul data-start=\"405\" data-end=\"587\"><li data-start=\"405\" data-end=\"465\"><p data-start=\"407\" data-end=\"465\">On appelle \u00e7a la <strong data-start=\"424\" data-end=\"462\">colonne vert\u00e9brale du r\u00e9seau fibre<\/strong>.<\/p><\/li><li data-start=\"468\" data-end=\"507\"><p data-start=\"470\" data-end=\"507\">Ce n\u2019est pas encore chez le client.<\/p><\/li><li data-start=\"510\" data-end=\"587\"><p data-start=\"512\" data-end=\"587\">C\u2019est g\u00e9r\u00e9 par l\u2019op\u00e9rateur d\u2019infrastructure (par ex. Orange, SFR, Axione\u2026).<\/p><\/li><\/ul>\t\t\t\t\t\t\t\t<\/div>\n\t\t\t\t<\/div>\n\t\t<div class=\"elementor-element elementor-element-fcba356 e-con-full e-flex e-con e-child\" data-id=\"fcba356\" data-element_type=\"container\" data-e-type=\"container\">\n\t\t\t\t<div class=\"elementor-element elementor-element-e239969 elementor-invisible elementor-widget elementor-widget-image\" data-id=\"e239969\" data-element_type=\"widget\" data-e-type=\"widget\" data-settings=\"{&quot;_animation&quot;:&quot;fadeInRight&quot;}\" data-widget_type=\"image.default\">\n\t\t\t\t\t\t\t\t\t\t\t\t\t\t\t<img fetchpriority=\"high\" decoding=\"async\" width=\"768\" height=\"1024\" src=\"https:\/\/gms-telecom.fr\/wp-content\/uploads\/2025\/08\/WhatsApp-Image-2025-08-13-at-19.41.11-3-768x1024.jpeg\" class=\"attachment-large size-large wp-image-207\" alt=\"\" srcset=\"https:\/\/gms-telecom.fr\/wp-content\/uploads\/2025\/08\/WhatsApp-Image-2025-08-13-at-19.41.11-3-768x1024.jpeg 768w, https:\/\/gms-telecom.fr\/wp-content\/uploads\/2025\/08\/WhatsApp-Image-2025-08-13-at-19.41.11-3-225x300.jpeg 225w, https:\/\/gms-telecom.fr\/wp-content\/uploads\/2025\/08\/WhatsApp-Image-2025-08-13-at-19.41.11-3-1152x1536.jpeg 1152w, https:\/\/gms-telecom.fr\/wp-content\/uploads\/2025\/08\/elementor\/thumbs\/WhatsApp-Image-2025-08-13-at-19.41.11-3-ranl2j72gkj4x5lazhx8jfdtjbn30dd1iyfev22qw0.jpeg 300w, https:\/\/gms-telecom.fr\/wp-content\/uploads\/2025\/08\/WhatsApp-Image-2025-08-13-at-19.41.11-3.jpeg 1530w\" sizes=\"(max-width: 768px) 100vw, 768px\" \/>\t\t\t\t\t\t\t\t\t\t\t\t\t\t\t<\/div>\n\t\t\t\t<\/div>\n\t\t\t\t\t<\/div>\n\t\t\t\t<\/div>\n\t\t\t\t<\/div>\n\t\t","protected":false},"excerpt":{"rendered":"<p>D1 : R\u00e9seau de transport \/ distribution primaire\u2192 C\u2019est la partie qui relie le NRO (N\u0153ud de Raccordement Optique) jusqu\u2019aux PM (Point de Mutualisation, souvent dans la rue ou au pied d\u2019immeuble). \u00a0 On appelle \u00e7a la colonne vert\u00e9brale du r\u00e9seau fibre. Ce n\u2019est pas encore chez le client. C\u2019est g\u00e9r\u00e9 par l\u2019op\u00e9rateur d\u2019infrastructure (par [&hellip;]<\/p>\n","protected":false},"author":1,"featured_media":0,"parent":0,"menu_order":0,"comment_status":"closed","ping_status":"closed","template":"","meta":{"ocean_post_layout":"","ocean_both_sidebars_style":"","ocean_both_sidebars_content_width":0,"ocean_both_sidebars_sidebars_width":0,"ocean_sidebar":"","ocean_second_sidebar":"","ocean_disable_margins":"enable","ocean_add_body_class":"","ocean_shortcode_before_top_bar":"","ocean_shortcode_after_top_bar":"","ocean_shortcode_before_header":"","ocean_shortcode_after_header":"","ocean_has_shortcode":"","ocean_shortcode_after_title":"","ocean_shortcode_before_footer_widgets":"","ocean_shortcode_after_footer_widgets":"","ocean_shortcode_before_footer_bottom":"","ocean_shortcode_after_footer_bottom":"","ocean_display_top_bar":"default","ocean_display_header":"default","ocean_header_style":"","ocean_center_header_left_menu":"","ocean_custom_header_template":"","ocean_custom_logo":0,"ocean_custom_retina_logo":0,"ocean_custom_logo_max_width":0,"ocean_custom_logo_tablet_max_width":0,"ocean_custom_logo_mobile_max_width":0,"ocean_custom_logo_max_height":0,"ocean_custom_logo_tablet_max_height":0,"ocean_custom_logo_mobile_max_height":0,"ocean_header_custom_menu":"","ocean_menu_typo_font_family":"","ocean_menu_typo_font_subset":"","ocean_menu_typo_font_size":0,"ocean_menu_typo_font_size_tablet":0,"ocean_menu_typo_font_size_mobile":0,"ocean_menu_typo_font_size_unit":"px","ocean_menu_typo_font_weight":"","ocean_menu_typo_font_weight_tablet":"","ocean_menu_typo_font_weight_mobile":"","ocean_menu_typo_transform":"","ocean_menu_typo_transform_tablet":"","ocean_menu_typo_transform_mobile":"","ocean_menu_typo_line_height":0,"ocean_menu_typo_line_height_tablet":0,"ocean_menu_typo_line_height_mobile":0,"ocean_menu_typo_line_height_unit":"","ocean_menu_typo_spacing":0,"ocean_menu_typo_spacing_tablet":0,"ocean_menu_typo_spacing_mobile":0,"ocean_menu_typo_spacing_unit":"","ocean_menu_link_color":"","ocean_menu_link_color_hover":"","ocean_menu_link_color_active":"","ocean_menu_link_background":"","ocean_menu_link_hover_background":"","ocean_menu_link_active_background":"","ocean_menu_social_links_bg":"","ocean_menu_social_hover_links_bg":"","ocean_menu_social_links_color":"","ocean_menu_social_hover_links_color":"","ocean_disable_title":"default","ocean_disable_heading":"default","ocean_post_title":"","ocean_post_subheading":"","ocean_post_title_style":"","ocean_post_title_background_color":"","ocean_post_title_background":0,"ocean_post_title_bg_image_position":"","ocean_post_title_bg_image_attachment":"","ocean_post_title_bg_image_repeat":"","ocean_post_title_bg_image_size":"","ocean_post_title_height":0,"ocean_post_title_bg_overlay":0.5,"ocean_post_title_bg_overlay_color":"","ocean_disable_breadcrumbs":"default","ocean_breadcrumbs_color":"","ocean_breadcrumbs_separator_color":"","ocean_breadcrumbs_links_color":"","ocean_breadcrumbs_links_hover_color":"","ocean_display_footer_widgets":"default","ocean_display_footer_bottom":"default","ocean_custom_footer_template":"","footnotes":""},"class_list":["post-40","page","type-page","status-publish","hentry","entry"],"_links":{"self":[{"href":"https:\/\/gms-telecom.fr\/index.php?rest_route=\/wp\/v2\/pages\/40","targetHints":{"allow":["GET"]}}],"collection":[{"href":"https:\/\/gms-telecom.fr\/index.php?rest_route=\/wp\/v2\/pages"}],"about":[{"href":"https:\/\/gms-telecom.fr\/index.php?rest_route=\/wp\/v2\/types\/page"}],"author":[{"embeddable":true,"href":"https:\/\/gms-telecom.fr\/index.php?rest_route=\/wp\/v2\/users\/1"}],"replies":[{"embeddable":true,"href":"https:\/\/gms-telecom.fr\/index.php?rest_route=%2Fwp%2Fv2%2Fcomments&post=40"}],"version-history":[{"count":5,"href":"https:\/\/gms-telecom.fr\/index.php?rest_route=\/wp\/v2\/pages\/40\/revisions"}],"predecessor-version":[{"id":552,"href":"https:\/\/gms-telecom.fr\/index.php?rest_route=\/wp\/v2\/pages\/40\/revisions\/552"}],"wp:attachment":[{"href":"https:\/\/gms-telecom.fr\/index.php?rest_route=%2Fwp%2Fv2%2Fmedia&parent=40"}],"curies":[{"name":"wp","href":"https:\/\/api.w.org\/{rel}","templated":true}]}}