{"id":12,"date":"2025-08-16T15:27:24","date_gmt":"2025-08-16T15:27:24","guid":{"rendered":"https:\/\/gms-telecom.fr\/?page_id=12"},"modified":"2025-08-24T10:26:04","modified_gmt":"2025-08-24T10:26:04","slug":"nos-services","status":"publish","type":"page","link":"https:\/\/gms-telecom.fr\/?page_id=12","title":{"rendered":"Nos services"},"content":{"rendered":"\t\t<div data-elementor-type=\"wp-page\" data-elementor-id=\"12\" class=\"elementor elementor-12\">\n\t\t\t\t<div class=\"elementor-element elementor-element-d542bb1 e-flex e-con-boxed e-con e-parent\" data-id=\"d542bb1\" data-element_type=\"container\" data-e-type=\"container\">\n\t\t\t\t\t<div class=\"e-con-inner\">\n\t\t\t\t<div class=\"elementor-element elementor-element-975ede9 elementor-widget elementor-widget-heading\" data-id=\"975ede9\" data-element_type=\"widget\" data-e-type=\"widget\" data-widget_type=\"heading.default\">\n\t\t\t\t\t<h4 class=\"elementor-heading-title elementor-size-default\">Qui nous sommes?<\/h4>\t\t\t\t<\/div>\n\t\t\t\t\t<\/div>\n\t\t\t\t<\/div>\n\t\t<div class=\"elementor-element elementor-element-bf525e1 e-flex e-con-boxed e-con e-parent\" data-id=\"bf525e1\" data-element_type=\"container\" data-e-type=\"container\">\n\t\t\t\t\t<div class=\"e-con-inner\">\n\t\t\t\t<div class=\"elementor-element elementor-element-772772a elementor-widget elementor-widget-text-editor\" data-id=\"772772a\" data-element_type=\"widget\" data-e-type=\"widget\" data-widget_type=\"text-editor.default\">\n\t\t\t\t\t\t\t\t\t<p>Nous sommes une entreprise sp\u00e9cialis\u00e9e dans les solutions t\u00e9l\u00e9coms, offrant des services complets allant du raccordement client jusqu\u2019au transport longue distance. Notre objectif est d\u2019assurer la fiabilit\u00e9, la performance et la continuit\u00e9 des r\u00e9seaux de nos clients.<\/p><h3 data-start=\"1787\" data-end=\"1809\"><strong data-start=\"1791\" data-end=\"1809\">Notre approche<\/strong><\/h3><ul data-start=\"1811\" data-end=\"2136\"><li data-start=\"1811\" data-end=\"1880\"><p data-start=\"1813\" data-end=\"1880\"><strong data-start=\"1813\" data-end=\"1826\">Fiabilit\u00e9<\/strong> : nous garantissons un r\u00e9seau stable et performant.<\/p><\/li><li data-start=\"1881\" data-end=\"1957\"><p data-start=\"1883\" data-end=\"1957\"><strong data-start=\"1883\" data-end=\"1897\">R\u00e9activit\u00e9<\/strong> : interventions rapides pour minimiser les interruptions.<\/p><\/li><li data-start=\"1958\" data-end=\"2056\"><p data-start=\"1960\" data-end=\"2056\"><strong data-start=\"1960\" data-end=\"1973\">Expertise<\/strong> : \u00e9quipe qualifi\u00e9e et exp\u00e9riment\u00e9e dans tous les aspects des t\u00e9l\u00e9communications.<\/p><\/li><li data-start=\"2057\" data-end=\"2136\"><p data-start=\"2059\" data-end=\"2136\"><strong data-start=\"2059\" data-end=\"2068\">Suivi<\/strong> : rapports d\u00e9taill\u00e9s et recommandations pour am\u00e9liorer le r\u00e9seau.<\/p><\/li><\/ul>\t\t\t\t\t\t\t\t<\/div>\n\t\t\t\t\t<\/div>\n\t\t\t\t<\/div>\n\t\t<div class=\"elementor-element elementor-element-a6f0dd7 e-flex e-con-boxed e-con e-parent\" data-id=\"a6f0dd7\" data-element_type=\"container\" data-e-type=\"container\">\n\t\t\t\t\t<div class=\"e-con-inner\">\n\t\t\t\t<div class=\"elementor-element elementor-element-237ba81 elementor-align-center elementor-widget elementor-widget-button\" data-id=\"237ba81\" data-element_type=\"widget\" data-e-type=\"widget\" data-widget_type=\"button.default\">\n\t\t\t\t\t\t\t\t\t\t<a class=\"elementor-button elementor-button-link elementor-size-sm\" href=\"https:\/\/gms-telecom.fr\/?page_id=14\">\n\t\t\t\t\t\t<span class=\"elementor-button-content-wrapper\">\n\t\t\t\t\t\t\t\t\t<span class=\"elementor-button-text\">Contactez-nous<\/span>\n\t\t\t\t\t<\/span>\n\t\t\t\t\t<\/a>\n\t\t\t\t\t\t\t\t<\/div>\n\t\t\t\t\t<\/div>\n\t\t\t\t<\/div>\n\t\t<div class=\"elementor-element elementor-element-4e4abaf e-grid e-con-boxed e-con e-parent\" data-id=\"4e4abaf\" data-element_type=\"container\" data-e-type=\"container\">\n\t\t\t\t\t<div class=\"e-con-inner\">\n\t\t\t\t<div class=\"elementor-element elementor-element-2fbde81 elementor-widget elementor-widget-image\" data-id=\"2fbde81\" data-element_type=\"widget\" data-e-type=\"widget\" data-widget_type=\"image.default\">\n\t\t\t\t\t\t\t\t\t\t\t\t\t\t\t<img fetchpriority=\"high\" decoding=\"async\" width=\"768\" height=\"1024\" src=\"https:\/\/gms-telecom.fr\/wp-content\/uploads\/2025\/08\/WhatsApp-Image-2025-08-13-at-19.41.09-2-768x1024.jpeg\" class=\"attachment-large size-large wp-image-228\" alt=\"\" srcset=\"https:\/\/gms-telecom.fr\/wp-content\/uploads\/2025\/08\/WhatsApp-Image-2025-08-13-at-19.41.09-2-768x1024.jpeg 768w, https:\/\/gms-telecom.fr\/wp-content\/uploads\/2025\/08\/WhatsApp-Image-2025-08-13-at-19.41.09-2-225x300.jpeg 225w, https:\/\/gms-telecom.fr\/wp-content\/uploads\/2025\/08\/WhatsApp-Image-2025-08-13-at-19.41.09-2-1152x1536.jpeg 1152w, https:\/\/gms-telecom.fr\/wp-content\/uploads\/2025\/08\/WhatsApp-Image-2025-08-13-at-19.41.09-2.jpeg 1200w\" sizes=\"(max-width: 768px) 100vw, 768px\" \/>\t\t\t\t\t\t\t\t\t\t\t\t\t\t\t<\/div>\n\t\t\t\t<div class=\"elementor-element elementor-element-d03589e elementor-widget elementor-widget-image\" data-id=\"d03589e\" data-element_type=\"widget\" data-e-type=\"widget\" data-widget_type=\"image.default\">\n\t\t\t\t\t\t\t\t\t\t\t\t\t\t\t<img decoding=\"async\" width=\"768\" height=\"1024\" src=\"https:\/\/gms-telecom.fr\/wp-content\/uploads\/2025\/08\/WhatsApp-Image-2025-08-13-at-19.41.11-3-768x1024.jpeg\" class=\"attachment-large size-large wp-image-207\" alt=\"\" srcset=\"https:\/\/gms-telecom.fr\/wp-content\/uploads\/2025\/08\/WhatsApp-Image-2025-08-13-at-19.41.11-3-768x1024.jpeg 768w, https:\/\/gms-telecom.fr\/wp-content\/uploads\/2025\/08\/WhatsApp-Image-2025-08-13-at-19.41.11-3-225x300.jpeg 225w, https:\/\/gms-telecom.fr\/wp-content\/uploads\/2025\/08\/WhatsApp-Image-2025-08-13-at-19.41.11-3-1152x1536.jpeg 1152w, https:\/\/gms-telecom.fr\/wp-content\/uploads\/2025\/08\/elementor\/thumbs\/WhatsApp-Image-2025-08-13-at-19.41.11-3-ranl2j72gkj4x5lazhx8jfdtjbn30dd1iyfev22qw0.jpeg 300w, https:\/\/gms-telecom.fr\/wp-content\/uploads\/2025\/08\/WhatsApp-Image-2025-08-13-at-19.41.11-3.jpeg 1530w\" sizes=\"(max-width: 768px) 100vw, 768px\" \/>\t\t\t\t\t\t\t\t\t\t\t\t\t\t\t<\/div>\n\t\t\t\t<div class=\"elementor-element elementor-element-d9a7858 elementor-widget elementor-widget-image\" data-id=\"d9a7858\" data-element_type=\"widget\" data-e-type=\"widget\" data-widget_type=\"image.default\">\n\t\t\t\t\t\t\t\t\t\t\t\t\t\t\t<img decoding=\"async\" width=\"768\" height=\"1024\" src=\"https:\/\/gms-telecom.fr\/wp-content\/uploads\/2025\/08\/WhatsApp-Image-2025-08-13-at-19.41.08-768x1024.jpeg\" class=\"attachment-large size-large wp-image-210\" alt=\"\" srcset=\"https:\/\/gms-telecom.fr\/wp-content\/uploads\/2025\/08\/WhatsApp-Image-2025-08-13-at-19.41.08-768x1024.jpeg 768w, https:\/\/gms-telecom.fr\/wp-content\/uploads\/2025\/08\/WhatsApp-Image-2025-08-13-at-19.41.08-225x300.jpeg 225w, https:\/\/gms-telecom.fr\/wp-content\/uploads\/2025\/08\/WhatsApp-Image-2025-08-13-at-19.41.08-1152x1536.jpeg 1152w, https:\/\/gms-telecom.fr\/wp-content\/uploads\/2025\/08\/elementor\/thumbs\/WhatsApp-Image-2025-08-13-at-19.41.08-ranl35r70le0nsojbroa79ovskjw53ulm232dp5aqo.jpeg 300w, https:\/\/gms-telecom.fr\/wp-content\/uploads\/2025\/08\/WhatsApp-Image-2025-08-13-at-19.41.08.jpeg 1530w\" sizes=\"(max-width: 768px) 100vw, 768px\" \/>\t\t\t\t\t\t\t\t\t\t\t\t\t\t\t<\/div>\n\t\t\t\t\t<\/div>\n\t\t\t\t<\/div>\n\t\t\t\t<\/div>\n\t\t","protected":false},"excerpt":{"rendered":"<p>Qui nous sommes? Nous sommes une entreprise sp\u00e9cialis\u00e9e dans les solutions t\u00e9l\u00e9coms, offrant des services complets allant du raccordement client jusqu\u2019au transport longue distance. Notre objectif est d\u2019assurer la fiabilit\u00e9, la performance et la continuit\u00e9 des r\u00e9seaux de nos clients. Notre approche Fiabilit\u00e9 : nous garantissons un r\u00e9seau stable et performant. R\u00e9activit\u00e9 : interventions rapides [&hellip;]<\/p>\n","protected":false},"author":1,"featured_media":0,"parent":0,"menu_order":0,"comment_status":"closed","ping_status":"closed","template":"","meta":{"ocean_post_layout":"","ocean_both_sidebars_style":"","ocean_both_sidebars_content_width":0,"ocean_both_sidebars_sidebars_width":0,"ocean_sidebar":"","ocean_second_sidebar":"","ocean_disable_margins":"enable","ocean_add_body_class":"","ocean_shortcode_before_top_bar":"","ocean_shortcode_after_top_bar":"","ocean_shortcode_before_header":"","ocean_shortcode_after_header":"","ocean_has_shortcode":"","ocean_shortcode_after_title":"","ocean_shortcode_before_footer_widgets":"","ocean_shortcode_after_footer_widgets":"","ocean_shortcode_before_footer_bottom":"","ocean_shortcode_after_footer_bottom":"","ocean_display_top_bar":"default","ocean_display_header":"default","ocean_header_style":"","ocean_center_header_left_menu":"","ocean_custom_header_template":"","ocean_custom_logo":0,"ocean_custom_retina_logo":0,"ocean_custom_logo_max_width":0,"ocean_custom_logo_tablet_max_width":0,"ocean_custom_logo_mobile_max_width":0,"ocean_custom_logo_max_height":0,"ocean_custom_logo_tablet_max_height":0,"ocean_custom_logo_mobile_max_height":0,"ocean_header_custom_menu":"","ocean_menu_typo_font_family":"","ocean_menu_typo_font_subset":"","ocean_menu_typo_font_size":0,"ocean_menu_typo_font_size_tablet":0,"ocean_menu_typo_font_size_mobile":0,"ocean_menu_typo_font_size_unit":"px","ocean_menu_typo_font_weight":"","ocean_menu_typo_font_weight_tablet":"","ocean_menu_typo_font_weight_mobile":"","ocean_menu_typo_transform":"","ocean_menu_typo_transform_tablet":"","ocean_menu_typo_transform_mobile":"","ocean_menu_typo_line_height":0,"ocean_menu_typo_line_height_tablet":0,"ocean_menu_typo_line_height_mobile":0,"ocean_menu_typo_line_height_unit":"","ocean_menu_typo_spacing":0,"ocean_menu_typo_spacing_tablet":0,"ocean_menu_typo_spacing_mobile":0,"ocean_menu_typo_spacing_unit":"","ocean_menu_link_color":"","ocean_menu_link_color_hover":"","ocean_menu_link_color_active":"","ocean_menu_link_background":"","ocean_menu_link_hover_background":"","ocean_menu_link_active_background":"","ocean_menu_social_links_bg":"","ocean_menu_social_hover_links_bg":"","ocean_menu_social_links_color":"","ocean_menu_social_hover_links_color":"","ocean_disable_title":"default","ocean_disable_heading":"default","ocean_post_title":"","ocean_post_subheading":"","ocean_post_title_style":"","ocean_post_title_background_color":"","ocean_post_title_background":0,"ocean_post_title_bg_image_position":"","ocean_post_title_bg_image_attachment":"","ocean_post_title_bg_image_repeat":"","ocean_post_title_bg_image_size":"","ocean_post_title_height":0,"ocean_post_title_bg_overlay":0.5,"ocean_post_title_bg_overlay_color":"","ocean_disable_breadcrumbs":"default","ocean_breadcrumbs_color":"","ocean_breadcrumbs_separator_color":"","ocean_breadcrumbs_links_color":"","ocean_breadcrumbs_links_hover_color":"","ocean_display_footer_widgets":"default","ocean_display_footer_bottom":"default","ocean_custom_footer_template":"","footnotes":""},"class_list":["post-12","page","type-page","status-publish","hentry","entry"],"_links":{"self":[{"href":"https:\/\/gms-telecom.fr\/index.php?rest_route=\/wp\/v2\/pages\/12","targetHints":{"allow":["GET"]}}],"collection":[{"href":"https:\/\/gms-telecom.fr\/index.php?rest_route=\/wp\/v2\/pages"}],"about":[{"href":"https:\/\/gms-telecom.fr\/index.php?rest_route=\/wp\/v2\/types\/page"}],"author":[{"embeddable":true,"href":"https:\/\/gms-telecom.fr\/index.php?rest_route=\/wp\/v2\/users\/1"}],"replies":[{"embeddable":true,"href":"https:\/\/gms-telecom.fr\/index.php?rest_route=%2Fwp%2Fv2%2Fcomments&post=12"}],"version-history":[{"count":25,"href":"https:\/\/gms-telecom.fr\/index.php?rest_route=\/wp\/v2\/pages\/12\/revisions"}],"predecessor-version":[{"id":376,"href":"https:\/\/gms-telecom.fr\/index.php?rest_route=\/wp\/v2\/pages\/12\/revisions\/376"}],"wp:attachment":[{"href":"https:\/\/gms-telecom.fr\/index.php?rest_route=%2Fwp%2Fv2%2Fmedia&parent=12"}],"curies":[{"name":"wp","href":"https:\/\/api.w.org\/{rel}","templated":true}]}}